{"id":42,"date":"2026-02-26T17:43:43","date_gmt":"2026-02-26T17:43:43","guid":{"rendered":"https:\/\/enikopanczel.com\/?page_id=42"},"modified":"2026-04-20T18:32:00","modified_gmt":"2026-04-20T18:32:00","slug":"kontakt","status":"publish","type":"page","link":"https:\/\/enikopanczel.com\/en\/kontakt\/","title":{"rendered":"Contact"},"content":{"rendered":"<style>.elementor-42 .elementor-element.elementor-element-2fcd799b{--display:flex;--flex-direction:row;--container-widget-width:initial;--container-widget-height:100%;--container-widget-flex-grow:1;--container-widget-align-self:stretch;--flex-wrap-mobile:wrap;--gap:80px 80px;--row-gap:80px;--column-gap:80px;--padding-top:200px;--padding-bottom:200px;--padding-left:0px;--padding-right:0px;--z-index:1;}.elementor-42 .elementor-element.elementor-element-3e9d49c6{--display:flex;--justify-content:space-between;--padding-top:0px;--padding-bottom:0px;--padding-left:0px;--padding-right:0px;}.elementor-42 .elementor-element.elementor-element-3e9d49c6.e-con{--align-self:flex-start;}.elementor-42 .elementor-element.elementor-element-3805443c{--display:flex;--justify-content:space-around;--gap:32px 32px;--row-gap:32px;--column-gap:32px;--padding-top:0px;--padding-bottom:0px;--padding-left:0px;--padding-right:0px;}.elementor-42 .elementor-element.elementor-element-d05f2f9 img{width:100%;height:590px;object-fit:cover;object-position:top center;}.elementor-42 .elementor-element.elementor-element-622ac94 .elementor-icon-list-items:not(.elementor-inline-items) .elementor-icon-list-item:not(:last-child){padding-block-end:calc(8px\/2);}.elementor-42 .elementor-element.elementor-element-622ac94 .elementor-icon-list-items:not(.elementor-inline-items) .elementor-icon-list-item:not(:first-child){margin-block-start:calc(8px\/2);}.elementor-42 .elementor-element.elementor-element-622ac94 .elementor-icon-list-items.elementor-inline-items .elementor-icon-list-item{margin-inline:calc(8px\/2);}.elementor-42 .elementor-element.elementor-element-622ac94 .elementor-icon-list-items.elementor-inline-items{margin-inline:calc(-8px\/2);}.elementor-42 .elementor-element.elementor-element-622ac94 .elementor-icon-list-items.elementor-inline-items .elementor-icon-list-item:after{inset-inline-end:calc(-8px\/2);}.elementor-42 .elementor-element.elementor-element-622ac94 .elementor-icon-list-icon i{transition:color 0.3s;}.elementor-42 .elementor-element.elementor-element-622ac94 .elementor-icon-list-icon svg{transition:fill 0.3s;}.elementor-42 .elementor-element.elementor-element-622ac94{--e-icon-list-icon-size:14px;--icon-vertical-offset:0px;}.elementor-42 .elementor-element.elementor-element-622ac94 .elementor-icon-list-item > .elementor-icon-list-text, .elementor-42 .elementor-element.elementor-element-622ac94 .elementor-icon-list-item > a{font-family:\"Montserrat\", Sans-serif;font-size:24px;font-weight:600;text-transform:uppercase;line-height:32px;}.elementor-42 .elementor-element.elementor-element-622ac94 .elementor-icon-list-text{color:var( --e-global-color-a650e6a );transition:color 0.3s;}.elementor-42 .elementor-element.elementor-element-3c1d938{--display:flex;--flex-direction:row;--container-widget-width:calc( ( 1 - var( --container-widget-flex-grow ) ) * 100% );--container-widget-height:100%;--container-widget-flex-grow:1;--container-widget-align-self:stretch;--flex-wrap-mobile:wrap;--align-items:flex-end;--gap:64px 64px;--row-gap:64px;--column-gap:64px;--margin-top:0px;--margin-bottom:0px;--margin-left:0px;--margin-right:0px;--padding-top:0px;--padding-bottom:0px;--padding-left:0px;--padding-right:0px;}.elementor-42 .elementor-element.elementor-element-b6106c2 .elementor-button-content-wrapper{flex-direction:row-reverse;}.elementor-42 .elementor-element.elementor-element-b6106c2 .elementor-button .elementor-button-content-wrapper{gap:8px;}.elementor-42 .elementor-element.elementor-element-b6106c2 .elementor-button{border-style:solid;border-width:0px 0px 1px 0px;}.elementor-42 .elementor-element.elementor-element-92c50eb .elementor-button-content-wrapper{flex-direction:row-reverse;}.elementor-42 .elementor-element.elementor-element-92c50eb .elementor-button .elementor-button-content-wrapper{gap:8px;}.elementor-42 .elementor-element.elementor-element-92c50eb .elementor-button{border-style:solid;border-width:0px 0px 1px 0px;}.elementor-42 .elementor-element.elementor-element-31418d3a{--display:flex;--justify-content:space-between;--padding-top:24px;--padding-bottom:24px;--padding-left:24px;--padding-right:24px;}.elementor-42 .elementor-element.elementor-element-96c069c .jeg-elementor-kit.jkit-contact-form-7{text-align:left;}.elementor-42 .elementor-element.elementor-element-96c069c .jeg-elementor-kit.jkit-contact-form-7 form label{text-align:left;color:var( --e-global-color-bb55343 );margin:0px 0px 0px 0px;max-width:380px;}.elementor-42 .elementor-element.elementor-element-96c069c .jeg-elementor-kit.jkit-contact-form-7 form input:not([type=submit]):not([type=checkbox]):not([type=radio]), .elementor-42 .elementor-element.elementor-element-96c069c .jeg-elementor-kit.jkit-contact-form-7 form select{height:50px;}.elementor-42 .elementor-element.elementor-element-96c069c .jeg-elementor-kit.jkit-contact-form-7 form textarea{height:150px;}.elementor-42 .elementor-element.elementor-element-96c069c .jeg-elementor-kit.jkit-contact-form-7 form input:not([type=submit]):not([type=checkbox]):not([type=radio]), .elementor-42 .elementor-element.elementor-element-96c069c .jeg-elementor-kit.jkit-contact-form-7 form textarea, .elementor-42 .elementor-element.elementor-element-96c069c .jeg-elementor-kit.jkit-contact-form-7 form select{border-radius:0px 0px 0px 0px;border-style:solid;border-width:0px 0px 1px 0px;border-color:#A1A1A6;}.elementor-42 .elementor-element.elementor-element-96c069c .jeg-elementor-kit.jkit-contact-form-7 form input:not([type=submit]):not([type=checkbox]):not([type=radio])::placeholder, .elementor-42 .elementor-element.elementor-element-96c069c .jeg-elementor-kit.jkit-contact-form-7 form textarea::placeholder, .elementor-42 .elementor-element.elementor-element-96c069c .jeg-elementor-kit.jkit-contact-form-7 form select::placeholder{font-size:14px;}.elementor-42 .elementor-element.elementor-element-96c069c .jeg-elementor-kit.jkit-contact-form-7 form input[type=submit]{font-family:var( --e-global-typography-5549308-font-family ), Sans-serif;font-size:var( --e-global-typography-5549308-font-size );font-weight:var( --e-global-typography-5549308-font-weight );text-transform:var( --e-global-typography-5549308-text-transform );font-style:var( --e-global-typography-5549308-font-style );text-decoration:var( --e-global-typography-5549308-text-decoration );line-height:var( --e-global-typography-5549308-line-height );letter-spacing:var( --e-global-typography-5549308-letter-spacing );word-spacing:var( --e-global-typography-5549308-word-spacing );padding:025px 025px 025px 025px;margin:0px 0px 0px 0px;color:var( --e-global-color-60a0f80 );background-color:var( --e-global-color-primary );}.elementor-42 .elementor-element.elementor-element-96c069c .jeg-elementor-kit.jkit-contact-form-7 form input[type=submit]:hover{background-color:var( --e-global-color-2b3b2a6 );}.elementor-42 .elementor-element.elementor-element-96c069c{padding:020px 0px 0px 0px;}.elementor-42 .elementor-element.elementor-element-96c069c.elementor-element{--order:99999 \/* order end hack *\/;}.elementor-42 .elementor-element.elementor-element-dbf4c7c .elementor-heading-title{-webkit-text-stroke-color:#000;stroke:#000;color:#111112;}.elementor-42 .elementor-element.elementor-element-8601ad1 .elementor-icon-box-wrapper{text-align:start;}.elementor-42 .elementor-element.elementor-element-8601ad1 .elementor-icon-box-title{margin-block-end:12px;color:var( --e-global-color-a650e6a );}.elementor-42 .elementor-element.elementor-element-8601ad1 .elementor-icon-box-description{color:var( --e-global-color-2b3b2a6 );}.elementor-42 .elementor-element.elementor-element-8601ad1{border-style:none;}:root{--page-title-display:none;}@media(max-width:1024px){.elementor-42 .elementor-element.elementor-element-2fcd799b{--gap:48px 48px;--row-gap:48px;--column-gap:48px;--padding-top:80px;--padding-bottom:80px;--padding-left:40px;--padding-right:40px;}.elementor-42 .elementor-element.elementor-element-622ac94 .elementor-icon-list-item > .elementor-icon-list-text, .elementor-42 .elementor-element.elementor-element-622ac94 .elementor-icon-list-item > a{font-size:20px;}.elementor-42 .elementor-element.elementor-element-3c1d938{--gap:24px 24px;--row-gap:24px;--column-gap:24px;--flex-wrap:wrap;}.elementor-42 .elementor-element.elementor-element-96c069c .jeg-elementor-kit.jkit-contact-form-7 form input[type=submit]{font-size:var( --e-global-typography-5549308-font-size );line-height:var( --e-global-typography-5549308-line-height );letter-spacing:var( --e-global-typography-5549308-letter-spacing );word-spacing:var( --e-global-typography-5549308-word-spacing );}}@media(max-width:767px){.elementor-42 .elementor-element.elementor-element-2fcd799b{--gap:48px 48px;--row-gap:48px;--column-gap:48px;--padding-top:48px;--padding-bottom:48px;--padding-left:16px;--padding-right:16px;}.elementor-42 .elementor-element.elementor-element-3e9d49c6{--gap:48px 48px;--row-gap:48px;--column-gap:48px;}.elementor-42 .elementor-element.elementor-element-622ac94 .elementor-icon-list-item > .elementor-icon-list-text, .elementor-42 .elementor-element.elementor-element-622ac94 .elementor-icon-list-item > a{font-size:20px;line-height:28px;}.elementor-42 .elementor-element.elementor-element-3c1d938{--flex-direction:column;--container-widget-width:calc( ( 1 - var( --container-widget-flex-grow ) ) * 100% );--container-widget-height:initial;--container-widget-flex-grow:0;--container-widget-align-self:initial;--flex-wrap-mobile:wrap;--align-items:center;--gap:24px 24px;--row-gap:24px;--column-gap:24px;}.elementor-42 .elementor-element.elementor-element-3c1d938.e-con{--align-self:flex-start;}.elementor-42 .elementor-element.elementor-element-31418d3a{--gap:48px 48px;--row-gap:48px;--column-gap:48px;}.elementor-42 .elementor-element.elementor-element-96c069c .jeg-elementor-kit.jkit-contact-form-7 form input[type=submit]{font-size:var( --e-global-typography-5549308-font-size );line-height:var( --e-global-typography-5549308-line-height );letter-spacing:var( --e-global-typography-5549308-letter-spacing );word-spacing:var( --e-global-typography-5549308-word-spacing );}.elementor-42 .elementor-element.elementor-element-dbf4c7c{text-align:center;}}<\/style>\t\t<div data-elementor-type=\"wp-page\" data-elementor-id=\"42\" class=\"elementor elementor-42\">\n\t\t\t\t<div class=\"elementor-element elementor-element-2fcd799b e-flex e-con-boxed wpr-particle-no wpr-jarallax-no wpr-parallax-no wpr-sticky-section-no wpr-equal-height-no e-con e-parent\" data-id=\"2fcd799b\" data-element_type=\"container\" data-e-type=\"container\">\n\t\t\t\t\t<div class=\"e-con-inner\">\n\t\t<div class=\"elementor-element elementor-element-3e9d49c6 e-con-full e-flex wpr-particle-no wpr-jarallax-no wpr-parallax-no wpr-sticky-section-no wpr-equal-height-no e-con e-child\" data-id=\"3e9d49c6\" data-element_type=\"container\" data-e-type=\"container\">\n\t\t<div class=\"elementor-element elementor-element-3805443c e-con-full e-flex wpr-particle-no wpr-jarallax-no wpr-parallax-no wpr-sticky-section-no wpr-equal-height-no e-con e-child\" data-id=\"3805443c\" data-element_type=\"container\" data-e-type=\"container\">\n\t\t\t\t<div class=\"elementor-element elementor-element-d05f2f9 elementor-widget elementor-widget-image\" data-id=\"d05f2f9\" data-element_type=\"widget\" data-e-type=\"widget\" data-widget_type=\"image.default\">\n\t\t\t\t\t\t\t\t\t\t\t\t\t\t\t<img fetchpriority=\"high\" decoding=\"async\" width=\"683\" height=\"1024\" src=\"https:\/\/enikopanczel.com\/wp-content\/uploads\/2026\/03\/VAP_0456-Edit-Edit-683x1024.jpg\" class=\"attachment-large size-large wp-image-445\" alt=\"\" srcset=\"https:\/\/enikopanczel.com\/wp-content\/uploads\/2026\/03\/VAP_0456-Edit-Edit-683x1024.jpg 683w, https:\/\/enikopanczel.com\/wp-content\/uploads\/2026\/03\/VAP_0456-Edit-Edit-200x300.jpg 200w, https:\/\/enikopanczel.com\/wp-content\/uploads\/2026\/03\/VAP_0456-Edit-Edit-768x1151.jpg 768w, https:\/\/enikopanczel.com\/wp-content\/uploads\/2026\/03\/VAP_0456-Edit-Edit-1025x1536.jpg 1025w, https:\/\/enikopanczel.com\/wp-content\/uploads\/2026\/03\/VAP_0456-Edit-Edit-1366x2048.jpg 1366w, https:\/\/enikopanczel.com\/wp-content\/uploads\/2026\/03\/VAP_0456-Edit-Edit-scaled.jpg 1708w\" sizes=\"(max-width: 683px) 100vw, 683px\" \/>\t\t\t\t\t\t\t\t\t\t\t\t\t\t\t<\/div>\n\t\t\t\t<div class=\"elementor-element elementor-element-622ac94 elementor-mobile-align-center elementor-icon-list--layout-traditional elementor-list-item-link-full_width elementor-widget elementor-widget-icon-list\" data-id=\"622ac94\" data-element_type=\"widget\" data-e-type=\"widget\" data-widget_type=\"icon-list.default\">\n\t\t\t\t\t\t\t<ul class=\"elementor-icon-list-items\">\n\t\t\t\t\t\t\t<li class=\"elementor-icon-list-item\">\n\t\t\t\t\t\t\t\t\t\t<span class=\"elementor-icon-list-text\">+36 30 536 2284<\/span>\n\t\t\t\t\t\t\t\t\t<\/li>\n\t\t\t\t\t\t\t\t<li class=\"elementor-icon-list-item\">\n\t\t\t\t\t\t\t\t\t\t<span class=\"elementor-icon-list-text\">info@enikopanczel.com<\/span>\n\t\t\t\t\t\t\t\t\t<\/li>\n\t\t\t\t\t\t<\/ul>\n\t\t\t\t\t\t<\/div>\n\t\t<div class=\"elementor-element elementor-element-3c1d938 e-con-full e-flex wpr-particle-no wpr-jarallax-no wpr-parallax-no wpr-sticky-section-no wpr-equal-height-no e-con e-child\" data-id=\"3c1d938\" data-element_type=\"container\" data-e-type=\"container\">\n\t\t\t\t<div class=\"elementor-element elementor-element-b6106c2 elementor-widget elementor-widget-button\" data-id=\"b6106c2\" data-element_type=\"widget\" data-e-type=\"widget\" data-widget_type=\"button.default\">\n\t\t\t\t\t\t\t\t\t\t<a class=\"elementor-button elementor-button-link elementor-size-sm\" href=\"https:\/\/www.facebook.com\/profile.php?id=61575754663402\">\n\t\t\t\t\t\t<span class=\"elementor-button-content-wrapper\">\n\t\t\t\t\t\t<span class=\"elementor-button-icon\">\n\t\t\t\t<i aria-hidden=\"true\" class=\"jki jki-arrow-up-right-line\"><\/i>\t\t\t<\/span>\n\t\t\t\t\t\t\t\t\t<span class=\"elementor-button-text\">Facebook<\/span>\n\t\t\t\t\t<\/span>\n\t\t\t\t\t<\/a>\n\t\t\t\t\t\t\t\t<\/div>\n\t\t\t\t<div class=\"elementor-element elementor-element-92c50eb elementor-widget elementor-widget-button\" data-id=\"92c50eb\" data-element_type=\"widget\" data-e-type=\"widget\" data-widget_type=\"button.default\">\n\t\t\t\t\t\t\t\t\t\t<a class=\"elementor-button elementor-button-link elementor-size-sm\" href=\"https:\/\/www.instagram.com\/eniko_panczel?fbclid=IwY2xjawQPgNBleHRuA2FlbQIxMABicmlkETBaNkI1Ulp2MkZEVG9BNlNac3J0YwZhcHBfaWQQMjIyMDM5MTc4ODIwMDg5MgABHkqf6K5wwmEiD2g5yz-8_MZSvzlFVM2-zSl1sGa8IYeLXuHce0uE8iBQAO85_aem_V1LMnQRvq73pGEIHU7WsJA\">\n\t\t\t\t\t\t<span class=\"elementor-button-content-wrapper\">\n\t\t\t\t\t\t<span class=\"elementor-button-icon\">\n\t\t\t\t<i aria-hidden=\"true\" class=\"jki jki-arrow-up-right-line\"><\/i>\t\t\t<\/span>\n\t\t\t\t\t\t\t\t\t<span class=\"elementor-button-text\">Instagram<\/span>\n\t\t\t\t\t<\/span>\n\t\t\t\t\t<\/a>\n\t\t\t\t\t\t\t\t<\/div>\n\t\t\t\t<\/div>\n\t\t\t\t<\/div>\n\t\t\t\t<\/div>\n\t\t<div class=\"elementor-element elementor-element-31418d3a e-con-full e-flex wpr-particle-no wpr-jarallax-no wpr-parallax-no wpr-sticky-section-no wpr-equal-height-no e-con e-child\" data-id=\"31418d3a\" data-element_type=\"container\" data-e-type=\"container\">\n\t\t\t\t<div class=\"elementor-element elementor-element-96c069c elementor-widget elementor-widget-jkit_contact_form_7\" data-id=\"96c069c\" data-element_type=\"widget\" data-e-type=\"widget\" data-widget_type=\"jkit_contact_form_7.default\">\n\t\t\t\t\t<div  class=\"jeg-elementor-kit jkit-contact-form-7 jeg_module___69e78cfd10c73\" >\n<div class=\"wpcf7 no-js\" id=\"wpcf7-f374-o1\" lang=\"hu-HU\" dir=\"ltr\" data-wpcf7-id=\"374\">\n<div class=\"screen-reader-response\"><p role=\"status\" aria-live=\"polite\" aria-atomic=\"true\"><\/p> <ul><\/ul><\/div>\n<form action=\"\/en\/wp-json\/wp\/v2\/pages\/42#wpcf7-f374-o1\" method=\"post\" class=\"wpcf7-form init\" aria-label=\"Kapcsolatfelv\u00e9teli \u0171rlap\" novalidate=\"novalidate\" data-status=\"init\">\n<fieldset class=\"hidden-fields-container\"><input type=\"hidden\" name=\"_wpcf7\" value=\"374\" \/><input type=\"hidden\" name=\"_wpcf7_version\" value=\"6.1.5\" \/><input type=\"hidden\" name=\"_wpcf7_locale\" value=\"hu_HU\" \/><input type=\"hidden\" name=\"_wpcf7_unit_tag\" value=\"wpcf7-f374-o1\" \/><input type=\"hidden\" name=\"_wpcf7_container_post\" value=\"0\" \/><input type=\"hidden\" name=\"_wpcf7_posted_data_hash\" value=\"\" \/>\n<\/fieldset>\n<div class=\"fatma-form\">\n\t<div class=\"field full\">\n\t\t<p><span class=\"wpcf7-form-control-wrap\" data-name=\"your-name\"><input size=\"40\" maxlength=\"400\" class=\"wpcf7-form-control wpcf7-text wpcf7-validates-as-required\" aria-required=\"true\" aria-invalid=\"false\" placeholder=\"N\u00e9v\" value=\"\" type=\"text\" name=\"your-name\" \/><\/span>\n\t\t<\/p>\n\t<\/div>\n\t<div class=\"field half\">\n\t\t<p><span class=\"wpcf7-form-control-wrap\" data-name=\"your-email\"><input size=\"40\" maxlength=\"400\" class=\"wpcf7-form-control wpcf7-email wpcf7-validates-as-required wpcf7-text wpcf7-validates-as-email\" aria-required=\"true\" aria-invalid=\"false\" placeholder=\"E-mail\" value=\"\" type=\"email\" name=\"your-email\" \/><\/span>\n\t\t<\/p>\n\t<\/div>\n\t<div class=\"field half\">\n\t\t<p><span class=\"wpcf7-form-control-wrap\" data-name=\"your-phone\"><input size=\"40\" maxlength=\"400\" class=\"wpcf7-form-control wpcf7-tel wpcf7-text wpcf7-validates-as-tel\" aria-invalid=\"false\" placeholder=\"Telefonsz\u00e1m\" value=\"\" type=\"tel\" name=\"your-phone\" \/><\/span>\n\t\t<\/p>\n\t<\/div>\n\t<div class=\"field full\">\n\t\t<p><span class=\"wpcf7-form-control-wrap\" data-name=\"your-subject\"><input size=\"40\" maxlength=\"400\" class=\"wpcf7-form-control wpcf7-text\" aria-invalid=\"false\" placeholder=\"T\u00e1rgy\" value=\"\" type=\"text\" name=\"your-subject\" \/><\/span>\n\t\t<\/p>\n\t<\/div>\n\t<div class=\"field full\">\n\t\t<p><span class=\"wpcf7-form-control-wrap\" data-name=\"your-message\"><textarea cols=\"40\" rows=\"10\" maxlength=\"2000\" class=\"wpcf7-form-control wpcf7-textarea wpcf7-validates-as-required\" aria-required=\"true\" aria-invalid=\"false\" placeholder=\"\u00dczenet\" name=\"your-message\"><\/textarea><\/span>\n\t\t<\/p>\n\t<\/div>\n\t<div class=\"checkbox-wrapper\">\n\t\t<p><span class=\"wpcf7-form-control-wrap\" data-name=\"acceptance-1\"><span class=\"wpcf7-form-control wpcf7-acceptance\"><span class=\"wpcf7-list-item\"><label><input type=\"checkbox\" name=\"acceptance-1\" value=\"1\" aria-invalid=\"false\" \/><span class=\"wpcf7-list-item-label\">Elolvastam \u00e9s elfogadtam az adatkezel\u00e9si&nbsp;t\u00e1j\u00e9koztat\u00f3t.<\/span><\/label><\/span><\/span><\/span>\n\t\t<\/p>\n\t<\/div>\n\t<div class=\"field full submit-wrap\">\n\t\t<p><input class=\"wpcf7-form-control wpcf7-submit has-spinner fatma-btn\" type=\"submit\" value=\"K\u00dcLD\u00c9S\" \/>\n\t\t<\/p>\n\t<\/div>\n<\/div><p style=\"display: none !important;\" class=\"akismet-fields-container\" data-prefix=\"_wpcf7_ak_\"><label>&#916;<textarea name=\"_wpcf7_ak_hp_textarea\" cols=\"45\" rows=\"8\" maxlength=\"100\"><\/textarea><\/label><input type=\"hidden\" id=\"ak_js_1\" name=\"_wpcf7_ak_js\" value=\"87\"\/><script>document.getElementById( \"ak_js_1\" ).setAttribute( \"value\", ( new Date() ).getTime() );<\/script><\/p><div class=\"wpcf7-response-output\" aria-hidden=\"true\"><\/div>\n<\/form>\n<\/div>\n<\/div>\t\t\t\t<\/div>\n\t\t\t\t<div class=\"elementor-element elementor-element-dbf4c7c elementor-invisible elementor-widget elementor-widget-heading\" data-id=\"dbf4c7c\" data-element_type=\"widget\" data-e-type=\"widget\" data-settings=\"{&quot;_animation&quot;:&quot;fadeIn&quot;}\" data-widget_type=\"heading.default\">\n\t\t\t\t\t<h1 class=\"elementor-heading-title elementor-size-default\">Foglalj id\u0151pontot.<\/h1>\t\t\t\t<\/div>\n\t\t\t\t<div class=\"elementor-element elementor-element-8601ad1 elementor-widget elementor-widget-icon-box\" data-id=\"8601ad1\" data-element_type=\"widget\" data-e-type=\"widget\" data-widget_type=\"icon-box.default\">\n\t\t\t\t\t\t\t<div class=\"elementor-icon-box-wrapper\">\n\n\t\t\t\n\t\t\t\t\t\t<div class=\"elementor-icon-box-content\">\n\n\t\t\t\t\n\t\t\t\t\t\t\t\t\t<p class=\"elementor-icon-box-description\">\n\t\t\t\t\t\tAlkossunk egy\u00fctt valami igaz\u00e1n sz\u00e9pet.\t\t\t\t\t<\/p>\n\t\t\t\t\n\t\t\t<\/div>\n\t\t\t\n\t\t<\/div>\n\t\t\t\t\t\t<\/div>\n\t\t\t\t<\/div>\n\t\t\t\t\t<\/div>\n\t\t\t\t<\/div>\n\t\t\t\t<\/div>\n\t\t","protected":false},"excerpt":{"rendered":"<p>+36 30 536 2284 info@enikopanczel.com Facebook Instagram Elolvastam \u00e9s elfogadtam az adatkezel\u00e9si&nbsp;t\u00e1j\u00e9koztat\u00f3t. &#916; Foglalj id\u0151pontot. Alkossunk egy\u00fctt valami igaz\u00e1n sz\u00e9pet.<\/p>","protected":false},"author":2,"featured_media":0,"parent":0,"menu_order":0,"comment_status":"closed","ping_status":"closed","template":"elementor_header_footer","meta":{"footnotes":""},"class_list":["post-42","page","type-page","status-publish","hentry"],"_links":{"self":[{"href":"https:\/\/enikopanczel.com\/en\/wp-json\/wp\/v2\/pages\/42","targetHints":{"allow":["GET"]}}],"collection":[{"href":"https:\/\/enikopanczel.com\/en\/wp-json\/wp\/v2\/pages"}],"about":[{"href":"https:\/\/enikopanczel.com\/en\/wp-json\/wp\/v2\/types\/page"}],"author":[{"embeddable":true,"href":"https:\/\/enikopanczel.com\/en\/wp-json\/wp\/v2\/users\/2"}],"replies":[{"embeddable":true,"href":"https:\/\/enikopanczel.com\/en\/wp-json\/wp\/v2\/comments?post=42"}],"version-history":[{"count":5,"href":"https:\/\/enikopanczel.com\/en\/wp-json\/wp\/v2\/pages\/42\/revisions"}],"predecessor-version":[{"id":976,"href":"https:\/\/enikopanczel.com\/en\/wp-json\/wp\/v2\/pages\/42\/revisions\/976"}],"wp:attachment":[{"href":"https:\/\/enikopanczel.com\/en\/wp-json\/wp\/v2\/media?parent=42"}],"curies":[{"name":"wp","href":"https:\/\/api.w.org\/{rel}","templated":true}]}}