{"id":36,"date":"2026-02-26T17:42:55","date_gmt":"2026-02-26T17:42:55","guid":{"rendered":"https:\/\/enikopanczel.com\/?page_id=36"},"modified":"2026-03-06T15:31:07","modified_gmt":"2026-03-06T15:31:07","slug":"blog","status":"publish","type":"page","link":"https:\/\/enikopanczel.com\/en\/blog\/","title":{"rendered":"Blog"},"content":{"rendered":"<style>.elementor-36 .elementor-element.elementor-element-1244643b{--display:flex;--align-items:center;--container-widget-width:calc( ( 1 - var( --container-widget-flex-grow ) ) * 100% );--gap:64px 64px;--row-gap:64px;--column-gap:64px;--padding-top:160px;--padding-bottom:80px;--padding-left:16px;--padding-right:16px;}.elementor-36 .elementor-element.elementor-element-718c7e21{text-align:center;width:var( --container-widget-width, 64% );max-width:64%;--container-widget-width:64%;--container-widget-flex-grow:0;}.elementor-36 .elementor-element.elementor-element-7799af8{--display:flex;--flex-direction:row;--container-widget-width:initial;--container-widget-height:100%;--container-widget-flex-grow:1;--container-widget-align-self:stretch;--flex-wrap-mobile:wrap;--gap:16px 16px;--row-gap:16px;--column-gap:16px;--padding-top:16px;--padding-bottom:16px;--padding-left:16px;--padding-right:16px;}.elementor-36 .elementor-element.elementor-element-7799af8:not(.elementor-motion-effects-element-type-background), .elementor-36 .elementor-element.elementor-element-7799af8 > .elementor-motion-effects-container > .elementor-motion-effects-layer{background-color:var( --e-global-color-accent );}.elementor-36 .elementor-element.elementor-element-b0afc94{--display:flex;--align-items:flex-end;--container-widget-width:calc( ( 1 - var( --container-widget-flex-grow ) ) * 100% );--gap:16px 16px;--row-gap:16px;--column-gap:16px;--padding-top:0px;--padding-bottom:0px;--padding-left:0px;--padding-right:0px;}.elementor-36 .elementor-element.elementor-element-7a60fd4 .elementskit-post-image-card{display:block;}.elementor-36 .elementor-element.elementor-element-7a60fd4 .elementskit-blog-block-post, .elementor-36 .elementor-element.elementor-element-7a60fd4 .elementskit-post-image-card, .elementor-36 .elementor-element.elementor-element-7a60fd4 .elementskit-post-card{background-color:#02010100;box-shadow:0px 0px 0px 0px rgba(0,0,0,0.5);border-radius:0px 0px 0px 0px;padding:0px 0px 0px 0px;margin:0px -16px 0px 0px;border-style:none;}.elementor-36 .elementor-element.elementor-element-7a60fd4 .elementskit-blog-block-post .elementskit-post-body{padding:16px 16px 16px 16px;}.elementor-36 .elementor-element.elementor-element-7a60fd4 .elementskit-post-image-card .elementskit-post-body{padding:16px 16px 16px 16px;}.elementor-36 .elementor-element.elementor-element-7a60fd4 .elementskit-post-body{background-color:var( --e-global-color-text );}.elementor-36 .elementor-element.elementor-element-7a60fd4 .elementskit-entry-thumb{border-radius:0px 0px 0px 0px;margin:0px 0px 4px 0px;} .elementor-36 .elementor-element.elementor-element-7a60fd4 .ekit-wid-con .elementskit-entry-thumb{padding:0px 0px 0px 0px;}.elementor-36 .elementor-element.elementor-element-7a60fd4 .post-meta-list a, .elementor-36 .elementor-element.elementor-element-7a60fd4 .post-meta-list .meta-date-text{font-family:var( --e-global-typography-5549308-font-family ), Sans-serif;font-size:var( --e-global-typography-5549308-font-size );font-weight:var( --e-global-typography-5549308-font-weight );text-transform:var( --e-global-typography-5549308-text-transform );font-style:var( --e-global-typography-5549308-font-style );text-decoration:var( --e-global-typography-5549308-text-decoration );line-height:var( --e-global-typography-5549308-line-height );letter-spacing:var( --e-global-typography-5549308-letter-spacing );word-spacing:var( --e-global-typography-5549308-word-spacing );}.elementor-36 .elementor-element.elementor-element-7a60fd4 .post-meta-list{text-align:left;margin:0px 0px 0px 0px;}.elementor-36 .elementor-element.elementor-element-7a60fd4 .post-meta-list > span{margin:0px 0px 8px 0px;padding:0px 0px 0px 0px;color:var( --e-global-color-bb55343 );fill:var( --e-global-color-bb55343 );}.elementor-36 .elementor-element.elementor-element-7a60fd4 .post-meta-list > span > i, .elementor-36 .elementor-element.elementor-element-7a60fd4 .post-meta-list > span > svg{margin:0px 0px 0px 0px;}.elementor-36 .elementor-element.elementor-element-7a60fd4 .elementskit-meta-categories .elementskit-meta-wraper span{background-color:var( --e-global-color-primary );padding:4px 8px 4px 8px;border-radius:0px 0px 0px 0px;}.elementor-36 .elementor-element.elementor-element-7a60fd4 .elementskit-post-body .entry-title, .elementor-36 .elementor-element.elementor-element-7a60fd4 .elementskit-entry-header .entry-title, .elementor-36 .elementor-element.elementor-element-7a60fd4 .elementskit-post-image-card .elementskit-post-body .entry-title  a,  .elementor-36 .elementor-element.elementor-element-7a60fd4 .elementskit-post-card .elementskit-entry-header .entry-title  a,.elementor-36 .elementor-element.elementor-element-7a60fd4 .elementskit-blog-block-post .elementskit-post-body .entry-title a{font-family:var( --e-global-typography-d1f8d94-font-family ), Sans-serif;font-size:var( --e-global-typography-d1f8d94-font-size );font-weight:var( --e-global-typography-d1f8d94-font-weight );text-transform:var( --e-global-typography-d1f8d94-text-transform );line-height:var( --e-global-typography-d1f8d94-line-height );letter-spacing:var( --e-global-typography-d1f8d94-letter-spacing );word-spacing:var( --e-global-typography-d1f8d94-word-spacing );}.elementor-36 .elementor-element.elementor-element-7a60fd4 .elementskit-post-body .entry-title a{color:var( --e-global-color-a650e6a );}.elementor-36 .elementor-element.elementor-element-7a60fd4 .elementskit-entry-header .entry-title a{color:var( --e-global-color-a650e6a );}.elementor-36 .elementor-element.elementor-element-7a60fd4 .elementskit-post-body .entry-title{text-align:left;margin:0px 0px 16px 0px;}.elementor-36 .elementor-element.elementor-element-7a60fd4 .elementskit-entry-header .entry-title{text-align:left;margin:0px 0px 16px 0px;}.elementor-36 .elementor-element.elementor-element-7a60fd4 .elementskit-post-footer > p{color:var( --e-global-color-bb55343 );}.elementor-36 .elementor-element.elementor-element-7a60fd4 .elementskit-post-body > p{color:var( --e-global-color-bb55343 );text-align:left;}.elementor-36 .elementor-element.elementor-element-7a60fd4 .elementskit-post-footer > p, .elementor-36 .elementor-element.elementor-element-7a60fd4 .elementskit-post-body > p{font-family:var( --e-global-typography-0728992-font-family ), Sans-serif;font-size:var( --e-global-typography-0728992-font-size );font-weight:var( --e-global-typography-0728992-font-weight );line-height:var( --e-global-typography-0728992-line-height );letter-spacing:var( --e-global-typography-0728992-letter-spacing );word-spacing:var( --e-global-typography-0728992-word-spacing );}.elementor-36 .elementor-element.elementor-element-7a60fd4 .elementskit-post-footer{text-align:left;}:root{--page-title-display:none;}@media(max-width:1024px){.elementor-36 .elementor-element.elementor-element-1244643b{--gap:40px 40px;--row-gap:40px;--column-gap:40px;--padding-top:64px;--padding-bottom:16px;--padding-left:16px;--padding-right:16px;}.elementor-36 .elementor-element.elementor-element-718c7e21{--container-widget-width:80%;--container-widget-flex-grow:0;width:var( --container-widget-width, 80% );max-width:80%;}.elementor-36 .elementor-element.elementor-element-7799af8{--flex-direction:column;--container-widget-width:100%;--container-widget-height:initial;--container-widget-flex-grow:0;--container-widget-align-self:initial;--flex-wrap-mobile:wrap;}.elementor-36 .elementor-element.elementor-element-7a60fd4 .elementskit-blog-block-post, .elementor-36 .elementor-element.elementor-element-7a60fd4 .elementskit-post-image-card, .elementor-36 .elementor-element.elementor-element-7a60fd4 .elementskit-post-card{margin:0px 0px 30px 0px;}.elementor-36 .elementor-element.elementor-element-7a60fd4 .post-meta-list a, .elementor-36 .elementor-element.elementor-element-7a60fd4 .post-meta-list .meta-date-text{font-size:var( --e-global-typography-5549308-font-size );line-height:var( --e-global-typography-5549308-line-height );letter-spacing:var( --e-global-typography-5549308-letter-spacing );word-spacing:var( --e-global-typography-5549308-word-spacing );}.elementor-36 .elementor-element.elementor-element-7a60fd4 .elementskit-post-body .entry-title, .elementor-36 .elementor-element.elementor-element-7a60fd4 .elementskit-entry-header .entry-title, .elementor-36 .elementor-element.elementor-element-7a60fd4 .elementskit-post-image-card .elementskit-post-body .entry-title  a,  .elementor-36 .elementor-element.elementor-element-7a60fd4 .elementskit-post-card .elementskit-entry-header .entry-title  a,.elementor-36 .elementor-element.elementor-element-7a60fd4 .elementskit-blog-block-post .elementskit-post-body .entry-title a{font-size:var( --e-global-typography-d1f8d94-font-size );line-height:var( --e-global-typography-d1f8d94-line-height );letter-spacing:var( --e-global-typography-d1f8d94-letter-spacing );word-spacing:var( --e-global-typography-d1f8d94-word-spacing );}.elementor-36 .elementor-element.elementor-element-7a60fd4 .elementskit-post-footer > p, .elementor-36 .elementor-element.elementor-element-7a60fd4 .elementskit-post-body > p{font-size:var( --e-global-typography-0728992-font-size );line-height:var( --e-global-typography-0728992-line-height );letter-spacing:var( --e-global-typography-0728992-letter-spacing );word-spacing:var( --e-global-typography-0728992-word-spacing );}}@media(max-width:767px){.elementor-36 .elementor-element.elementor-element-1244643b{--gap:32px 32px;--row-gap:32px;--column-gap:32px;--padding-top:48px;--padding-bottom:16px;--padding-left:16px;--padding-right:16px;}.elementor-36 .elementor-element.elementor-element-718c7e21{--container-widget-width:100%;--container-widget-flex-grow:0;width:var( --container-widget-width, 100% );max-width:100%;}.elementor-36 .elementor-element.elementor-element-7a60fd4 .elementskit-blog-block-post, .elementor-36 .elementor-element.elementor-element-7a60fd4 .elementskit-post-image-card, .elementor-36 .elementor-element.elementor-element-7a60fd4 .elementskit-post-card{margin:0px 0px 30px 0px;}.elementor-36 .elementor-element.elementor-element-7a60fd4 .post-meta-list a, .elementor-36 .elementor-element.elementor-element-7a60fd4 .post-meta-list .meta-date-text{font-size:var( --e-global-typography-5549308-font-size );line-height:var( --e-global-typography-5549308-line-height );letter-spacing:var( --e-global-typography-5549308-letter-spacing );word-spacing:var( --e-global-typography-5549308-word-spacing );}.elementor-36 .elementor-element.elementor-element-7a60fd4 .elementskit-post-body .entry-title, .elementor-36 .elementor-element.elementor-element-7a60fd4 .elementskit-entry-header .entry-title, .elementor-36 .elementor-element.elementor-element-7a60fd4 .elementskit-post-image-card .elementskit-post-body .entry-title  a,  .elementor-36 .elementor-element.elementor-element-7a60fd4 .elementskit-post-card .elementskit-entry-header .entry-title  a,.elementor-36 .elementor-element.elementor-element-7a60fd4 .elementskit-blog-block-post .elementskit-post-body .entry-title a{font-size:var( --e-global-typography-d1f8d94-font-size );line-height:var( --e-global-typography-d1f8d94-line-height );letter-spacing:var( --e-global-typography-d1f8d94-letter-spacing );word-spacing:var( --e-global-typography-d1f8d94-word-spacing );}.elementor-36 .elementor-element.elementor-element-7a60fd4 .elementskit-post-footer > p, .elementor-36 .elementor-element.elementor-element-7a60fd4 .elementskit-post-body > p{font-size:var( --e-global-typography-0728992-font-size );line-height:var( --e-global-typography-0728992-line-height );letter-spacing:var( --e-global-typography-0728992-letter-spacing );word-spacing:var( --e-global-typography-0728992-word-spacing );}}<\/style>\t\t<div data-elementor-type=\"wp-page\" data-elementor-id=\"36\" class=\"elementor elementor-36\">\n\t\t\t\t<div class=\"elementor-element elementor-element-1244643b e-con-full e-flex wpr-particle-no wpr-jarallax-no wpr-parallax-no wpr-sticky-section-no wpr-equal-height-no e-con e-parent\" data-id=\"1244643b\" data-element_type=\"container\" data-e-type=\"container\">\n\t\t\t\t<div class=\"elementor-element elementor-element-718c7e21 elementor-widget__width-initial elementor-invisible elementor-widget elementor-widget-heading\" data-id=\"718c7e21\" data-element_type=\"widget\" data-e-type=\"widget\" data-settings=\"{&quot;_animation&quot;:&quot;fadeIn&quot;}\" data-widget_type=\"heading.default\">\n\t\t\t\t\t<h1 class=\"elementor-heading-title elementor-size-default\">Insights, Tips<br>&amp; Stories<\/h1>\t\t\t\t<\/div>\n\t\t\t\t<\/div>\n\t\t<div class=\"elementor-element elementor-element-7799af8 e-con-full e-flex wpr-particle-no wpr-jarallax-no wpr-parallax-no wpr-sticky-section-no wpr-equal-height-no e-con e-parent\" data-id=\"7799af8\" data-element_type=\"container\" data-e-type=\"container\" data-settings=\"{&quot;background_background&quot;:&quot;classic&quot;}\">\n\t\t<div class=\"elementor-element elementor-element-b0afc94 e-flex e-con-boxed wpr-particle-no wpr-jarallax-no wpr-parallax-no wpr-sticky-section-no wpr-equal-height-no e-con e-child\" data-id=\"b0afc94\" data-element_type=\"container\" data-e-type=\"container\">\n\t\t\t\t\t<div class=\"e-con-inner\">\n\t\t\t\t<div class=\"elementor-element elementor-element-7a60fd4 elementor-widget elementor-widget-elementskit-blog-posts\" data-id=\"7a60fd4\" data-element_type=\"widget\" data-e-type=\"widget\" data-widget_type=\"elementskit-blog-posts.default\">\n\t\t\t\t\t<div class=\"ekit-wid-con\" >        <div id=\"post-items--7a60fd4\" class=\"row post-items\">\n                    <div class=\"col-lg-4 col-md-6\">\n\n                                    <div class=\"elementskit-post-image-card\">\n                        <div class=\"elementskit-entry-header\">\n                                                            <a href=\"https:\/\/enikopanczel.com\/en\/minta-bejegyzes-3\/\" class=\"elementskit-entry-thumb\">\n                                    <img decoding=\"async\" src=\"https:\/\/enikopanczel.com\/wp-content\/uploads\/2026\/02\/ENI_7495-1024x683.jpg\" alt=\"Minta bejegyz\u00e9s 3\">\n                                <\/a><!-- .elementskit-entry-thumb END -->\n                                                            \n                                                            <div class=\"elementskit-meta-categories\">\n                                    <span class=\"elementskit-meta-wraper\">\n                                        <span><a href=\"https:\/\/enikopanczel.com\/en\/category\/kategoria\/\" rel=\"category tag\">Categories<\/a><\/span>\n                                    <\/span>\n                                <\/div>\n                            \n\t\t\t\t\t\t\t\t\t\t\t\t\t<\/div><!-- .elementskit-entry-header END -->\n\n\t\t\t\t\t\t<div class=\"elementskit-post-body\">\n\t\t\t\t\t\t\t\n\t\t\t\t\t\t\t\t\t\t\t\t\t\t\t\t\t\t\t\t\t\t\t\t\t\t\t\t<div class=\"post-meta-list\">\n\t\t\t\t\t\t\t\t\t\t\t\t\t\t\t\t\t\t\t\t\t\t\t\t\t\t\t\t\t\t\t\t<span class=\"meta-date\">\n\t\t\t\t\t\t\t\t\t\t\t\t\t\t\t\t\t\t\t\t<span class=\"meta-date-text\">\n\t\t\t\t\t\t\t\t\t\t\tMarch 5, 2026\t\t\t\t\t\t\t\t\t\t<\/span>\n\t\t\t\t\t\t\t\t\t<\/span>\n\t\t\t\t\t\t\t\t\t\t\t\t\t\t\t\t\t\t\t\t\t\t\t\t\t\t\t\t\t\t\t\t\t\t\t\t\t<\/div>\n\t\t\t\t\t\t\t\t\t\t\t\t\t\n\t\t\t\t\t\t\t\t\n\t\t\t\t\t\t\t\t\t\t\t\t\t\t\t\t\t\t\t\t\t<h2 class=\"entry-title\">\n\t\t\t\t\t<a href=\"https:\/\/enikopanczel.com\/en\/minta-bejegyzes-3\/\">\n\t\t\t\t\t\tMinta bejegyz\u00e9s 3\t\t\t\t\t<\/a>\n\t\t\t\t<\/h2>\n\t\t\t\t\t\t\t\t\t\t\t\t\t\t\t\t\t\t\t\t\t\t\t\t\t\t\t\t\t\t\t\t\t\t\t\t\t\t\t\t\t\t<p>Lorem Ipsum is simply dummy text of the printing and typesetting industry. Lorem Ipsum has been the industry&#039;s standard dummy&hellip;<\/p>\n\t\t\t\t\t\t\t\t\t\t\t\t\t\t\t\t\t\t\t\t\t\t                                                    <\/div><!-- .elementskit-post-body END -->\n                    <\/div>\n                \n            <\/div>\n                    <div class=\"col-lg-4 col-md-6\">\n\n                                    <div class=\"elementskit-post-image-card\">\n                        <div class=\"elementskit-entry-header\">\n                                                            <a href=\"https:\/\/enikopanczel.com\/en\/minta-begyezes-2\/\" class=\"elementskit-entry-thumb\">\n                                    <img decoding=\"async\" src=\"https:\/\/enikopanczel.com\/wp-content\/uploads\/2026\/02\/ENI_7495-1024x683.jpg\" alt=\"Minta begyez\u00e9s 2\">\n                                <\/a><!-- .elementskit-entry-thumb END -->\n                                                            \n                                                            <div class=\"elementskit-meta-categories\">\n                                    <span class=\"elementskit-meta-wraper\">\n                                        <span><a href=\"https:\/\/enikopanczel.com\/en\/category\/kategoria\/\" rel=\"category tag\">Categories<\/a><\/span>\n                                    <\/span>\n                                <\/div>\n                            \n\t\t\t\t\t\t\t\t\t\t\t\t\t<\/div><!-- .elementskit-entry-header END -->\n\n\t\t\t\t\t\t<div class=\"elementskit-post-body\">\n\t\t\t\t\t\t\t\n\t\t\t\t\t\t\t\t\t\t\t\t\t\t\t\t\t\t\t\t\t\t\t\t\t\t\t\t<div class=\"post-meta-list\">\n\t\t\t\t\t\t\t\t\t\t\t\t\t\t\t\t\t\t\t\t\t\t\t\t\t\t\t\t\t\t\t\t<span class=\"meta-date\">\n\t\t\t\t\t\t\t\t\t\t\t\t\t\t\t\t\t\t\t\t<span class=\"meta-date-text\">\n\t\t\t\t\t\t\t\t\t\t\tMarch 5, 2026\t\t\t\t\t\t\t\t\t\t<\/span>\n\t\t\t\t\t\t\t\t\t<\/span>\n\t\t\t\t\t\t\t\t\t\t\t\t\t\t\t\t\t\t\t\t\t\t\t\t\t\t\t\t\t\t\t\t\t\t\t\t\t<\/div>\n\t\t\t\t\t\t\t\t\t\t\t\t\t\n\t\t\t\t\t\t\t\t\n\t\t\t\t\t\t\t\t\t\t\t\t\t\t\t\t\t\t\t\t\t<h2 class=\"entry-title\">\n\t\t\t\t\t<a href=\"https:\/\/enikopanczel.com\/en\/minta-begyezes-2\/\">\n\t\t\t\t\t\tMinta begyez\u00e9s 2\t\t\t\t\t<\/a>\n\t\t\t\t<\/h2>\n\t\t\t\t\t\t\t\t\t\t\t\t\t\t\t\t\t\t\t\t\t\t\t\t\t\t\t\t\t\t\t\t\t\t\t\t\t\t\t\t\t\t<p>Lorem Ipsum is simply dummy text of the printing and typesetting industry. Lorem Ipsum has been the industry&#039;s standard dummy&hellip;<\/p>\n\t\t\t\t\t\t\t\t\t\t\t\t\t\t\t\t\t\t\t\t\t\t                                                    <\/div><!-- .elementskit-post-body END -->\n                    <\/div>\n                \n            <\/div>\n                    <div class=\"col-lg-4 col-md-6\">\n\n                                    <div class=\"elementskit-post-image-card\">\n                        <div class=\"elementskit-entry-header\">\n                                                            <a href=\"https:\/\/enikopanczel.com\/en\/minta-begyezes-1\/\" class=\"elementskit-entry-thumb\">\n                                    <img decoding=\"async\" src=\"https:\/\/enikopanczel.com\/wp-content\/uploads\/2026\/02\/ENI_7495-1024x683.jpg\" alt=\"Minta begyez\u00e9s 1\">\n                                <\/a><!-- .elementskit-entry-thumb END -->\n                                                            \n                                                            <div class=\"elementskit-meta-categories\">\n                                    <span class=\"elementskit-meta-wraper\">\n                                        <span><a href=\"https:\/\/enikopanczel.com\/en\/category\/kategoria\/\" rel=\"category tag\">Categories<\/a><\/span>\n                                    <\/span>\n                                <\/div>\n                            \n\t\t\t\t\t\t\t\t\t\t\t\t\t<\/div><!-- .elementskit-entry-header END -->\n\n\t\t\t\t\t\t<div class=\"elementskit-post-body\">\n\t\t\t\t\t\t\t\n\t\t\t\t\t\t\t\t\t\t\t\t\t\t\t\t\t\t\t\t\t\t\t\t\t\t\t\t<div class=\"post-meta-list\">\n\t\t\t\t\t\t\t\t\t\t\t\t\t\t\t\t\t\t\t\t\t\t\t\t\t\t\t\t\t\t\t\t<span class=\"meta-date\">\n\t\t\t\t\t\t\t\t\t\t\t\t\t\t\t\t\t\t\t\t<span class=\"meta-date-text\">\n\t\t\t\t\t\t\t\t\t\t\tMarch 5, 2026\t\t\t\t\t\t\t\t\t\t<\/span>\n\t\t\t\t\t\t\t\t\t<\/span>\n\t\t\t\t\t\t\t\t\t\t\t\t\t\t\t\t\t\t\t\t\t\t\t\t\t\t\t\t\t\t\t\t\t\t\t\t\t<\/div>\n\t\t\t\t\t\t\t\t\t\t\t\t\t\n\t\t\t\t\t\t\t\t\n\t\t\t\t\t\t\t\t\t\t\t\t\t\t\t\t\t\t\t\t\t<h2 class=\"entry-title\">\n\t\t\t\t\t<a href=\"https:\/\/enikopanczel.com\/en\/minta-begyezes-1\/\">\n\t\t\t\t\t\tMinta begyez\u00e9s 1\t\t\t\t\t<\/a>\n\t\t\t\t<\/h2>\n\t\t\t\t\t\t\t\t\t\t\t\t\t\t\t\t\t\t\t\t\t\t\t\t\t\t\t\t\t\t\t\t\t\t\t\t\t\t\t\t\t\t<p>Lorem Ipsum is simply dummy text of the printing and typesetting industry. Lorem Ipsum has been the industry&#039;s standard dummy&hellip;<\/p>\n\t\t\t\t\t\t\t\t\t\t\t\t\t\t\t\t\t\t\t\t\t\t                                                    <\/div><!-- .elementskit-post-body END -->\n                    <\/div>\n                \n            <\/div>\n                <\/div>\n       <\/div>\t\t\t\t<\/div>\n\t\t\t\t\t<\/div>\n\t\t\t\t<\/div>\n\t\t\t\t<\/div>\n\t\t\t\t<\/div>","protected":false},"excerpt":{"rendered":"<p>\u00c9rdekess\u00e9gek, Tippek\u00e9s T\u00f6rt\u00e9netek Kateg\u00f3ria m\u00e1rcius 5, 2026 Minta bejegyz\u00e9s 3 Lorem Ipsum is simply dummy text of the printing and typesetting industry. Lorem Ipsum has been the industry&#039;s standard dummy&hellip; Kateg\u00f3ria m\u00e1rcius 5, 2026 Minta begyez\u00e9s 2 Lorem Ipsum is simply dummy text of the printing and typesetting industry. Lorem Ipsum has been the industry&#039;s standard dummy&hellip; Kateg\u00f3ria m\u00e1rcius 5, 2026 Minta begyez\u00e9s 1 Lorem Ipsum is simply dummy text of the printing and typesetting industry. Lorem Ipsum has been the industry&#039;s standard dummy&hellip;<\/p>","protected":false},"author":2,"featured_media":0,"parent":0,"menu_order":0,"comment_status":"closed","ping_status":"closed","template":"","meta":{"footnotes":""},"class_list":["post-36","page","type-page","status-publish","hentry"],"_links":{"self":[{"href":"https:\/\/enikopanczel.com\/en\/wp-json\/wp\/v2\/pages\/36","targetHints":{"allow":["GET"]}}],"collection":[{"href":"https:\/\/enikopanczel.com\/en\/wp-json\/wp\/v2\/pages"}],"about":[{"href":"https:\/\/enikopanczel.com\/en\/wp-json\/wp\/v2\/types\/page"}],"author":[{"embeddable":true,"href":"https:\/\/enikopanczel.com\/en\/wp-json\/wp\/v2\/users\/2"}],"replies":[{"embeddable":true,"href":"https:\/\/enikopanczel.com\/en\/wp-json\/wp\/v2\/comments?post=36"}],"version-history":[{"count":5,"href":"https:\/\/enikopanczel.com\/en\/wp-json\/wp\/v2\/pages\/36\/revisions"}],"predecessor-version":[{"id":806,"href":"https:\/\/enikopanczel.com\/en\/wp-json\/wp\/v2\/pages\/36\/revisions\/806"}],"wp:attachment":[{"href":"https:\/\/enikopanczel.com\/en\/wp-json\/wp\/v2\/media?parent=36"}],"curies":[{"name":"wp","href":"https:\/\/api.w.org\/{rel}","templated":true}]}}